{"id":1046,"date":"2025-01-22T21:14:17","date_gmt":"2025-01-22T20:14:17","guid":{"rendered":"https:\/\/hqled.pl\/?post_type=product&#038;p=1046"},"modified":"2026-03-30T16:31:31","modified_gmt":"2026-03-30T14:31:31","slug":"profesjonalny-zasilacz-instalacyjny-wodoodporny-ip67-200w","status":"publish","type":"product","link":"https:\/\/hqled.pl\/en\/product\/profesjonalny-zasilacz-instalacyjny-wodoodporny-ip67-200w\/","title":{"rendered":"Profesjonalny zasilacz instalacyjny, wodoodporny IP67 &#8211; 200W"},"content":{"rendered":"<p><strong>Profesjonalny zasilacz instalacyjny, wodoodporny IP67<\/strong>.<\/p>\n<p>Niezb\u0119dny do bezpiecznego zasilania ta\u015bm LED tam, gdzie s\u0105 one nara\u017cone na dzia\u0142anie wilgoci.<\/p>\n<p>&nbsp;<\/p>\n<p><strong>Specyfikacja:<\/strong><\/p>\n<ul>\n<li>Zasilanie:\u00a0<strong>AC100-264V<\/strong><\/li>\n<li>Moc zasilacza: 2<strong>00W <\/strong><\/li>\n<li>Pr\u0105d wyj\u015bciowy:\u00a0<strong>8,3A<\/strong><\/li>\n<li>Napi\u0119cie wyj\u015bciowe:\u00a0<strong>12V DC<\/strong><\/li>\n<li>Wymiary(DxSxW):\u00a0\u00a0<strong>223x68x30 [mm]<\/strong><\/li>\n<li>Warunki pracy: temperatura\u00a0<strong>-10\u00b0C\u00f760\u00b0C<\/strong><\/li>\n<li>Materia\u0142 obudowy: <strong>aluminium<\/strong><\/li>\n<\/ul>","protected":false},"excerpt":{"rendered":"<p>Profesjonalny zasilacz instalacyjny, wodoodporny IP67. Niezb\u0119dny do bezpiecznego zasilania ta\u015bm LED tam, gdzie s\u0105 one nara\u017cone na dzia\u0142anie wilgoci. &nbsp; Specyfikacja: Zasilanie:\u00a0AC100-264V Moc zasilacza: 200W Pr\u0105d wyj\u015bciowy:\u00a08,3A Napi\u0119cie wyj\u015bciowe:\u00a012V DC Wymiary(DxSxW):\u00a0\u00a0223x68x30 [mm] Warunki pracy: temperatura\u00a0-10\u00b0C\u00f760\u00b0C Materia\u0142 obudowy: aluminium<\/p>","protected":false},"featured_media":1291,"comment_status":"open","ping_status":"closed","template":"","meta":{"_acf_changed":false,"om_disable_all_campaigns":false},"product_cat":[66,63],"product_tag":[],"class_list":{"0":"post-1046","1":"product","2":"type-product","3":"status-publish","4":"has-post-thumbnail","6":"product_cat-zasilacze-instalacyjne-wodoodporne-ip67","7":"product_cat-zasilacze-led","9":"first","10":"outofstock","11":"taxable","12":"shipping-taxable","13":"purchasable","14":"product-type-simple"},"acf":[],"aioseo_notices":[],"jetpack_sharing_enabled":true,"_links":{"self":[{"href":"https:\/\/hqled.pl\/en\/wp-json\/wp\/v2\/product\/1046","targetHints":{"allow":["GET"]}}],"collection":[{"href":"https:\/\/hqled.pl\/en\/wp-json\/wp\/v2\/product"}],"about":[{"href":"https:\/\/hqled.pl\/en\/wp-json\/wp\/v2\/types\/product"}],"replies":[{"embeddable":true,"href":"https:\/\/hqled.pl\/en\/wp-json\/wp\/v2\/comments?post=1046"}],"wp:featuredmedia":[{"embeddable":true,"href":"https:\/\/hqled.pl\/en\/wp-json\/wp\/v2\/media\/1291"}],"wp:attachment":[{"href":"https:\/\/hqled.pl\/en\/wp-json\/wp\/v2\/media?parent=1046"}],"wp:term":[{"taxonomy":"product_cat","embeddable":true,"href":"https:\/\/hqled.pl\/en\/wp-json\/wp\/v2\/product_cat?post=1046"},{"taxonomy":"product_tag","embeddable":true,"href":"https:\/\/hqled.pl\/en\/wp-json\/wp\/v2\/product_tag?post=1046"}],"curies":[{"name":"wp","href":"https:\/\/api.w.org\/{rel}","templated":true}]}}