{"id":1082,"date":"2025-01-23T17:37:44","date_gmt":"2025-01-23T16:37:44","guid":{"rendered":"https:\/\/hqled.pl\/?post_type=product&#038;p=1082"},"modified":"2026-03-03T12:27:03","modified_gmt":"2026-03-03T11:27:03","slug":"zasilacz-instalacyjny-ip20-60w","status":"publish","type":"product","link":"https:\/\/hqled.pl\/en\/product\/zasilacz-instalacyjny-ip20-60w\/","title":{"rendered":"Zasilacz instalacyjny IP20 &#8211; 60W"},"content":{"rendered":"<div class=\"mpof_ki myre_zn myre_8v_l m389_6m_l\">\n<div class=\"mp4t_16_s mryx_16_s mr3m_1 mli2_1 mh85_56 mh85_0_l\">\n<div class=\"mgn2_16 _0d3bd_am0a-\">\n<p><b>Profesjonalny zasilacz instalacyjny IP20<\/b>.<\/p>\n<p>Obligatoryjny dla bezpiecznego zasilania urz\u0105dze\u0144 elektrycznych zasilanych DC 12V, takich jak ta\u015bmy LED<b>.<\/b><\/p>\n<\/div>\n<\/div>\n<div class=\"mp4t_16_s mryx_16_s mr3m_1 mli2_1 mh85_56 mh85_0_l\">\n<div class=\"mg9e_8 mj7a_8 mg9e_0_s mvrt_0_s mj7a_0_s mh36_0_s mzmg_6m munh_16_l m3h2_16_l\">\n<div class=\"mp4t_0 mryx_0 munh_56 m3h2_56\">\n<div class=\"mp7g_oh\"><\/div>\n<\/div>\n<\/div>\n<\/div>\n<\/div>\n<div class=\"mpof_ki myre_zn myre_8v_l m389_6m_l\">\n<div class=\"mp4t_16_s mryx_16_s mr3m_1 mli2_1 mh85_56 mh85_0_l\">\n<div class=\"mgn2_16 _0d3bd_am0a-\">\n<p><b>Specyfikacja:<\/b><\/p>\n<ul>\n<li>Zasilanie:\u00a0<b>AC110-220V \u00b115%, 50\/60 Hz<\/b><\/li>\n<li>Moc zasilacza: 60<b>W\u00a0<\/b><\/li>\n<li>Pr\u0105d wyj\u015bciowy: 5<b>A<\/b><\/li>\n<li>Napi\u0119cie wyj\u015bciowe:\u00a0<b>12V DC<\/b><\/li>\n<li>Wymiary(DxSxW):\u00a0 <strong>112<\/strong><b>x80x38 [mm]<\/b><\/li>\n<li>Warunki pracy: temperatura\u00a0<b>-20\u00b0C\u00f760\u00b0C<\/b><\/li>\n<li>Ch\u0142odzenie: <b>pasywny obieg powietrza<\/b><\/li>\n<\/ul>\n<\/div>\n<\/div>\n<\/div>","protected":false},"excerpt":{"rendered":"<p>Profesjonalny zasilacz instalacyjny IP20. Obligatoryjny dla bezpiecznego zasilania urz\u0105dze\u0144 elektrycznych zasilanych DC 12V, takich jak ta\u015bmy LED. Specyfikacja: Zasilanie:\u00a0AC110-220V \u00b115%, 50\/60 Hz Moc zasilacza: 60W\u00a0 Pr\u0105d wyj\u015bciowy: 5A Napi\u0119cie wyj\u015bciowe:\u00a012V DC Wymiary(DxSxW):\u00a0 112x80x38 [mm] Warunki pracy: temperatura\u00a0-20\u00b0C\u00f760\u00b0C Ch\u0142odzenie: pasywny obieg powietrza<\/p>","protected":false},"featured_media":1083,"comment_status":"open","ping_status":"closed","template":"","meta":{"_acf_changed":false,"om_disable_all_campaigns":false},"product_cat":[83,63],"product_tag":[],"class_list":{"0":"post-1082","1":"product","2":"type-product","3":"status-publish","4":"has-post-thumbnail","6":"product_cat-zasilacze-instalacyjne-ip20","7":"product_cat-zasilacze-led","9":"first","10":"instock","11":"taxable","12":"shipping-taxable","13":"purchasable","14":"product-type-simple"},"acf":[],"aioseo_notices":[],"jetpack_sharing_enabled":true,"_links":{"self":[{"href":"https:\/\/hqled.pl\/en\/wp-json\/wp\/v2\/product\/1082","targetHints":{"allow":["GET"]}}],"collection":[{"href":"https:\/\/hqled.pl\/en\/wp-json\/wp\/v2\/product"}],"about":[{"href":"https:\/\/hqled.pl\/en\/wp-json\/wp\/v2\/types\/product"}],"replies":[{"embeddable":true,"href":"https:\/\/hqled.pl\/en\/wp-json\/wp\/v2\/comments?post=1082"}],"wp:featuredmedia":[{"embeddable":true,"href":"https:\/\/hqled.pl\/en\/wp-json\/wp\/v2\/media\/1083"}],"wp:attachment":[{"href":"https:\/\/hqled.pl\/en\/wp-json\/wp\/v2\/media?parent=1082"}],"wp:term":[{"taxonomy":"product_cat","embeddable":true,"href":"https:\/\/hqled.pl\/en\/wp-json\/wp\/v2\/product_cat?post=1082"},{"taxonomy":"product_tag","embeddable":true,"href":"https:\/\/hqled.pl\/en\/wp-json\/wp\/v2\/product_tag?post=1082"}],"curies":[{"name":"wp","href":"https:\/\/api.w.org\/{rel}","templated":true}]}}