{"id":1112,"date":"2025-01-30T11:36:42","date_gmt":"2025-01-30T10:36:42","guid":{"rendered":"https:\/\/hqled.pl\/?post_type=product&#038;p=1112"},"modified":"2025-08-11T17:35:31","modified_gmt":"2025-08-11T15:35:31","slug":"klosz-silikonowy-8x10-mm","status":"publish","type":"product","link":"https:\/\/hqled.pl\/en\/product\/klosz-silikonowy-8x10-mm\/","title":{"rendered":"Klosz silikonowy 8&#215;10 mm"},"content":{"rendered":"<p>Klosz silikonowy o wymiarach 8 x 10 mm, wykonany z czystego silikonu.<\/p>\n<p>Czysty silikon jest bardziej elastyczny ni\u017c powszechnie dost\u0119pny modyfikowany silikon, co u\u0142atwia instalacj\u0119 oraz ogranicza straty materia\u0142owe.<\/p>\n<p>Zastosowanie klosza silikonowego stanowi prostsz\u0105 i szybsz\u0105 alternatyw\u0119 dla instalacji z wykorzystaniem profili aluminiowych.<\/p>\n<p>Wystarczy wykona\u0107 frezowanie w materiale stanowi\u0105cym podstaw\u0119 neonu, wklei\u0107 wybran\u0105 ta\u015bm\u0119 LED i wsun\u0105\u0107 klosz silikonowy.<\/p>\n<p>&nbsp;<\/p>\n<p><img fetchpriority=\"high\" decoding=\"async\" class=\"alignnone size-medium wp-image-1122\" src=\"https:\/\/hqled.pl\/wp-content\/uploads\/2025\/01\/Tworzenie-neonu-300x300.png\" alt=\"\" width=\"300\" height=\"300\" srcset=\"https:\/\/hqled.pl\/wp-content\/uploads\/2025\/01\/Tworzenie-neonu-300x300.png 300w, https:\/\/hqled.pl\/wp-content\/uploads\/2025\/01\/Tworzenie-neonu-150x150.png 150w, https:\/\/hqled.pl\/wp-content\/uploads\/2025\/01\/Tworzenie-neonu-768x767.png 768w, https:\/\/hqled.pl\/wp-content\/uploads\/2025\/01\/Tworzenie-neonu-12x12.png 12w, https:\/\/hqled.pl\/wp-content\/uploads\/2025\/01\/Tworzenie-neonu-600x599.png 600w, https:\/\/hqled.pl\/wp-content\/uploads\/2025\/01\/Tworzenie-neonu-200x200.png 200w, https:\/\/hqled.pl\/wp-content\/uploads\/2025\/01\/Tworzenie-neonu.png 1000w\" sizes=\"(max-width: 300px) 100vw, 300px\" \/><\/p>\n<p>&nbsp;<\/p>\n<p>Dost\u0119pne kolory:<\/p>\n<ul>\n<li>bia\u0142y<\/li>\n<li>czerwony<\/li>\n<li>zielony<\/li>\n<li>niebieski<\/li>\n<li>\u017c\u00f3\u0142ty<\/li>\n<li>pomara\u0144czowy<\/li>\n<li>r\u00f3\u017cowy<\/li>\n<li>fioletowy<\/li>\n<li>limonkowy<\/li>\n<li>Ice Blue<\/li>\n<\/ul>\n<p>&nbsp;<\/p>\n<p>Do zam\u00f3wienia w rolkach 50m oraz 100m.<\/p>","protected":false},"excerpt":{"rendered":"<p>Klosz silikonowy o wymiarach 8 x 10 mm, wykonany z czystego silikonu. Czysty silikon jest bardziej elastyczny ni\u017c powszechnie dost\u0119pny modyfikowany silikon, co u\u0142atwia instalacj\u0119 oraz ogranicza straty materia\u0142owe. Zastosowanie klosza silikonowego stanowi prostsz\u0105 i szybsz\u0105 alternatyw\u0119 dla instalacji z wykorzystaniem profili aluminiowych. Wystarczy wykona\u0107 frezowanie w materiale stanowi\u0105cym podstaw\u0119 neonu, wklei\u0107 wybran\u0105 ta\u015bm\u0119 LED [&hellip;]<\/p>","protected":false},"featured_media":1104,"comment_status":"open","ping_status":"closed","template":"","meta":{"_acf_changed":false,"om_disable_all_campaigns":false},"product_cat":[90,70,62],"product_tag":[],"class_list":{"0":"post-1112","1":"product","2":"type-product","3":"status-publish","4":"has-post-thumbnail","6":"product_cat-klosze-silikonowe","7":"product_cat-neon-led","8":"product_cat-tasmy-led","10":"first","11":"instock","12":"taxable","13":"shipping-taxable","14":"purchasable","15":"product-type-simple"},"acf":[],"aioseo_notices":[],"jetpack_sharing_enabled":true,"_links":{"self":[{"href":"https:\/\/hqled.pl\/en\/wp-json\/wp\/v2\/product\/1112","targetHints":{"allow":["GET"]}}],"collection":[{"href":"https:\/\/hqled.pl\/en\/wp-json\/wp\/v2\/product"}],"about":[{"href":"https:\/\/hqled.pl\/en\/wp-json\/wp\/v2\/types\/product"}],"replies":[{"embeddable":true,"href":"https:\/\/hqled.pl\/en\/wp-json\/wp\/v2\/comments?post=1112"}],"wp:featuredmedia":[{"embeddable":true,"href":"https:\/\/hqled.pl\/en\/wp-json\/wp\/v2\/media\/1104"}],"wp:attachment":[{"href":"https:\/\/hqled.pl\/en\/wp-json\/wp\/v2\/media?parent=1112"}],"wp:term":[{"taxonomy":"product_cat","embeddable":true,"href":"https:\/\/hqled.pl\/en\/wp-json\/wp\/v2\/product_cat?post=1112"},{"taxonomy":"product_tag","embeddable":true,"href":"https:\/\/hqled.pl\/en\/wp-json\/wp\/v2\/product_tag?post=1112"}],"curies":[{"name":"wp","href":"https:\/\/api.w.org\/{rel}","templated":true}]}}