{"id":1116,"date":"2025-01-30T13:40:00","date_gmt":"2025-01-30T12:40:00","guid":{"rendered":"https:\/\/hqled.pl\/?post_type=product&#038;p=1116"},"modified":"2025-08-11T17:30:59","modified_gmt":"2025-08-11T15:30:59","slug":"neon-led-12v-8x16mm-bialy-6500k-50-metrow","status":"publish","type":"product","link":"https:\/\/hqled.pl\/en\/product\/neon-led-12v-8x16mm-bialy-6500k-50-metrow\/","title":{"rendered":"NEON LED 12V: 8x16mm, bia\u0142y, 6500K &#8211; 50 metr\u00f3w"},"content":{"rendered":"<p>Profesjonalna ta\u015bma NEON LED, wykonana z czystego silikonu.<\/p>\n<div class=\"boxhead tab-head\"><\/div>\n<div class=\"innerbox tab-content product-attributes zebra\">\n<p><strong>Dane techniczne<\/strong><\/p>\n<\/div>\n<table width=\"205\">\n<tbody>\n<tr>\n<td width=\"131\">Napi\u0119cie wej\u015bciowe<\/td>\n<td width=\"74\">12V DC<\/td>\n<\/tr>\n<tr>\n<td>Barwa \u015bwiat\u0142a<\/td>\n<td>6500K, bia\u0142a<\/td>\n<\/tr>\n<tr>\n<td>Modu\u0142 ci\u0119cia<\/td>\n<td>co 2,5 cm<\/td>\n<\/tr>\n<tr>\n<td>Ilo\u015b\u0107 diod<\/td>\n<td>120\/m<\/td>\n<\/tr>\n<tr>\n<td>Moc<\/td>\n<td>8W\/m<\/td>\n<\/tr>\n<tr>\n<td>Wymiar<\/td>\n<td>Rolka 50 m<\/td>\n<\/tr>\n<tr>\n<td>Szeroko\u015b\u0107 ta\u015bmy<\/td>\n<td>8 x 16 mm<\/td>\n<\/tr>\n<tr>\n<td>Ta\u015bma na metry<\/td>\n<td>Nie<\/td>\n<\/tr>\n<tr>\n<td>Klasa szczelno\u015bci<\/td>\n<td>IP67<\/td>\n<\/tr>\n<tr>\n<td>Typ diody<\/td>\n<td>SMD2835<\/td>\n<\/tr>\n<tr>\n<td>Trwa\u0142o\u015b\u0107<\/td>\n<td>30000h<\/td>\n<\/tr>\n<\/tbody>\n<\/table>\n<div class=\"innerbox tab-content product-attributes zebra\"><\/div>","protected":false},"excerpt":{"rendered":"<p>Profesjonalna ta\u015bma NEON LED, wykonana z czystego silikonu. Dane techniczne Napi\u0119cie wej\u015bciowe 12V DC Barwa \u015bwiat\u0142a 6500K, bia\u0142a Modu\u0142 ci\u0119cia co 2,5 cm Ilo\u015b\u0107 diod 120\/m Moc 8W\/m Wymiar Rolka 50 m Szeroko\u015b\u0107 ta\u015bmy 8 x 16 mm Ta\u015bma na metry Nie Klasa szczelno\u015bci IP67 Typ diody SMD2835 Trwa\u0142o\u015b\u0107 30000h<\/p>","protected":false},"featured_media":1117,"comment_status":"open","ping_status":"closed","template":"","meta":{"_acf_changed":false,"om_disable_all_campaigns":false},"product_cat":[70,62],"product_tag":[76],"class_list":{"0":"post-1116","1":"product","2":"type-product","3":"status-publish","4":"has-post-thumbnail","6":"product_cat-neon-led","7":"product_cat-tasmy-led","8":"product_tag-rolka-50m","10":"first","11":"instock","12":"taxable","13":"shipping-taxable","14":"purchasable","15":"product-type-simple"},"acf":[],"aioseo_notices":[],"jetpack_sharing_enabled":true,"_links":{"self":[{"href":"https:\/\/hqled.pl\/en\/wp-json\/wp\/v2\/product\/1116","targetHints":{"allow":["GET"]}}],"collection":[{"href":"https:\/\/hqled.pl\/en\/wp-json\/wp\/v2\/product"}],"about":[{"href":"https:\/\/hqled.pl\/en\/wp-json\/wp\/v2\/types\/product"}],"replies":[{"embeddable":true,"href":"https:\/\/hqled.pl\/en\/wp-json\/wp\/v2\/comments?post=1116"}],"wp:featuredmedia":[{"embeddable":true,"href":"https:\/\/hqled.pl\/en\/wp-json\/wp\/v2\/media\/1117"}],"wp:attachment":[{"href":"https:\/\/hqled.pl\/en\/wp-json\/wp\/v2\/media?parent=1116"}],"wp:term":[{"taxonomy":"product_cat","embeddable":true,"href":"https:\/\/hqled.pl\/en\/wp-json\/wp\/v2\/product_cat?post=1116"},{"taxonomy":"product_tag","embeddable":true,"href":"https:\/\/hqled.pl\/en\/wp-json\/wp\/v2\/product_tag?post=1116"}],"curies":[{"name":"wp","href":"https:\/\/api.w.org\/{rel}","templated":true}]}}