{"id":1294,"date":"2025-04-11T14:59:31","date_gmt":"2025-04-11T12:59:31","guid":{"rendered":"https:\/\/hqled.pl\/?post_type=product&#038;p=1294"},"modified":"2025-11-19T14:57:15","modified_gmt":"2025-11-19T13:57:15","slug":"tasma-cob-12v-576led-rgb-5-metrow","status":"publish","type":"product","link":"https:\/\/hqled.pl\/en\/product\/tasma-cob-12v-576led-rgb-5-metrow\/","title":{"rendered":"Ta\u015bma COB: 12V 576LED RGB &#8211; 5 metr\u00f3w"},"content":{"rendered":"<p>&nbsp;<\/p>\n<p>Profesjonalna ta\u015bma LED.<\/p>\n<div class=\"boxhead tab-head\"><\/div>\n<div class=\"innerbox tab-content product-attributes zebra\">\n<p><strong>Dane techniczne<\/strong><\/p>\n<\/div>\n<table style=\"height: 568px;\" width=\"289\">\n<tbody>\n<tr>\n<td width=\"92\">Napi\u0119cie wej\u015bciowe<\/td>\n<td width=\"75\">12V DC<\/td>\n<\/tr>\n<tr>\n<td width=\"92\">Barwa \u015bwiat\u0142a<\/td>\n<td width=\"75\">RGB<\/td>\n<\/tr>\n<tr>\n<td width=\"92\">Modu\u0142 ci\u0119cia<\/td>\n<td width=\"75\">co 3 LEDY<\/td>\n<\/tr>\n<tr>\n<td width=\"92\">Ilo\u015b\u0107 diod<\/td>\n<td width=\"75\">576\/m<\/td>\n<\/tr>\n<tr>\n<td width=\"92\">Moc<\/td>\n<td width=\"75\">8W\/m<\/td>\n<\/tr>\n<tr>\n<td width=\"92\">Pr\u0105d<\/td>\n<td width=\"75\">0.86A<\/td>\n<\/tr>\n<tr>\n<td width=\"92\">Wymiar<\/td>\n<td width=\"75\">Rolka 5 m<\/td>\n<\/tr>\n<tr>\n<td width=\"92\">Szeroko\u015b\u0107<\/td>\n<td width=\"75\">8mm<\/td>\n<\/tr>\n<tr>\n<td width=\"92\">Ta\u015bma na metry<\/td>\n<td width=\"75\">Nie<\/td>\n<\/tr>\n<tr>\n<td width=\"92\">Klasa szczelno\u015bci<\/td>\n<td width=\"75\">IP20<\/td>\n<\/tr>\n<tr>\n<td width=\"92\">CRI<\/td>\n<td width=\"75\">Ra80<\/td>\n<\/tr>\n<tr>\n<td width=\"92\">Typ diody<\/td>\n<td width=\"75\">SMD3535<\/td>\n<\/tr>\n<tr>\n<td width=\"92\">PCB<\/td>\n<td width=\"75\">Bia\u0142e<\/td>\n<\/tr>\n<tr>\n<td width=\"92\">Trwa\u0142o\u015b\u0107<\/td>\n<td width=\"75\">30000h<\/td>\n<\/tr>\n<\/tbody>\n<\/table>\n<div class=\"innerbox tab-content product-attributes zebra\">\n&nbsp;<\/p>\n<\/div>","protected":false},"excerpt":{"rendered":"<p>&nbsp; Profesjonalna ta\u015bma LED. Dane techniczne Napi\u0119cie wej\u015bciowe 12V DC Barwa \u015bwiat\u0142a RGB Modu\u0142 ci\u0119cia co 3 LEDY Ilo\u015b\u0107 diod 576\/m Moc 8W\/m Pr\u0105d 0.86A Wymiar Rolka 5 m Szeroko\u015b\u0107 8mm Ta\u015bma na metry Nie Klasa szczelno\u015bci IP20 CRI Ra80 Typ diody SMD3535 PCB Bia\u0142e Trwa\u0142o\u015b\u0107 30000h &nbsp;<\/p>","protected":false},"featured_media":1087,"comment_status":"open","ping_status":"closed","template":"","meta":{"_acf_changed":false,"om_disable_all_campaigns":false},"product_cat":[62,69],"product_tag":[],"class_list":{"0":"post-1294","1":"product","2":"type-product","3":"status-publish","4":"has-post-thumbnail","6":"product_cat-tasmy-led","7":"product_cat-tasmy-led-cob","9":"first","10":"instock","11":"taxable","12":"shipping-taxable","13":"purchasable","14":"product-type-simple"},"acf":[],"aioseo_notices":[],"jetpack_sharing_enabled":true,"_links":{"self":[{"href":"https:\/\/hqled.pl\/en\/wp-json\/wp\/v2\/product\/1294","targetHints":{"allow":["GET"]}}],"collection":[{"href":"https:\/\/hqled.pl\/en\/wp-json\/wp\/v2\/product"}],"about":[{"href":"https:\/\/hqled.pl\/en\/wp-json\/wp\/v2\/types\/product"}],"replies":[{"embeddable":true,"href":"https:\/\/hqled.pl\/en\/wp-json\/wp\/v2\/comments?post=1294"}],"wp:featuredmedia":[{"embeddable":true,"href":"https:\/\/hqled.pl\/en\/wp-json\/wp\/v2\/media\/1087"}],"wp:attachment":[{"href":"https:\/\/hqled.pl\/en\/wp-json\/wp\/v2\/media?parent=1294"}],"wp:term":[{"taxonomy":"product_cat","embeddable":true,"href":"https:\/\/hqled.pl\/en\/wp-json\/wp\/v2\/product_cat?post=1294"},{"taxonomy":"product_tag","embeddable":true,"href":"https:\/\/hqled.pl\/en\/wp-json\/wp\/v2\/product_tag?post=1294"}],"curies":[{"name":"wp","href":"https:\/\/api.w.org\/{rel}","templated":true}]}}