{"id":1296,"date":"2025-04-11T15:44:05","date_gmt":"2025-04-11T13:44:05","guid":{"rendered":"https:\/\/hqled.pl\/?post_type=product&#038;p=1296"},"modified":"2025-11-19T14:55:28","modified_gmt":"2025-11-19T13:55:28","slug":"tasma-led-cob-12v-480led-4000k-5-metrow","status":"publish","type":"product","link":"https:\/\/hqled.pl\/en\/product\/tasma-led-cob-12v-480led-4000k-5-metrow\/","title":{"rendered":"Ta\u015bma LED COB: 12V 480LED 4000K &#8211; 5 metr\u00f3w."},"content":{"rendered":"<p>Profesjonalna ta\u015bma LED COB.<\/p>\n<p>&nbsp;<\/p>\n<div class=\"innerbox tab-content product-attributes zebra\"><strong>Dane techniczne<\/strong><\/div>\n<div id=\"acf_after_title-sortables\" class=\"meta-box-sortables ui-sortable empty-container\">\n<div class=\"innerbox tab-content product-attributes zebra\">\n<table>\n<tbody>\n<tr>\n<td>Napi\u0119cie wej\u015bciowe<\/td>\n<td>12V DC<\/td>\n<\/tr>\n<tr>\n<td>Barwa \u015bwiat\u0142a<\/td>\n<td>4000 K<\/td>\n<\/tr>\n<tr>\n<td>Modu\u0142 ci\u0119cia<\/td>\n<td>co 3 LEDY<\/td>\n<\/tr>\n<tr>\n<td>Ilo\u015b\u0107 diod<\/td>\n<td>480\/m<\/td>\n<\/tr>\n<tr>\n<td>Jasno\u015b\u0107<\/td>\n<td>1000lm<\/td>\n<\/tr>\n<tr>\n<td>Moc<\/td>\n<td>8W\/m<\/td>\n<\/tr>\n<tr>\n<td>Pr\u0105d<\/td>\n<td>0.86A<\/td>\n<\/tr>\n<tr>\n<td>Wymiar<\/td>\n<td>Rolka 5 m<\/td>\n<\/tr>\n<tr>\n<td>Klasa Energetyczna<\/td>\n<td>F<\/td>\n<\/tr>\n<tr>\n<td>Szeroko\u015b\u0107 ta\u015bmy<\/td>\n<td>8mm<\/td>\n<\/tr>\n<tr>\n<td>Ta\u015bma na metry<\/td>\n<td>Nie<\/td>\n<\/tr>\n<tr>\n<td>Klasa szczelno\u015bci<\/td>\n<td>IP20<\/td>\n<\/tr>\n<tr>\n<td>CRI<\/td>\n<td>Ra80<\/td>\n<\/tr>\n<tr>\n<td>Typ diody<\/td>\n<td>SMD2835<\/td>\n<\/tr>\n<tr>\n<td>PCB<\/td>\n<td>Bia\u0142e<\/td>\n<\/tr>\n<tr>\n<td>Trwa\u0142o\u015b\u0107<\/td>\n<td>30000h<\/td>\n<\/tr>\n<\/tbody>\n<\/table>\n<\/div>\n<div id=\"titlediv\">\n<div class=\"inside\">\n<div><\/div>\n<div id=\"edit-slug-box\" class=\"hide-if-no-js\"><span id=\"sample-permalink\"><a href=\"https:\/\/hqled.pl\/en\/product\/tasma-cob-12v-480led-4000k-5-metrow\/\">https:\/\/hqled.pl\/produkt\/<span id=\"editable-post-name\">tasma-led-cob-12\u2026d-4000k-5-metrow<\/span>\/<\/a><\/span>\u00a0\u200e<span id=\"edit-slug-buttons\"><button class=\"edit-slug button button-small hide-if-no-js\" type=\"button\" aria-label=\"Edytuj bezpo\u015bredni odno\u015bnik\">Edytuj<\/button><\/span><\/div>\n<\/div>\n<\/div>\n<div id=\"acf_after_title-sortables\" class=\"meta-box-sortables ui-sortable empty-container\"><\/div>\n<\/div>\n<div id=\"postdivrich\" class=\"postarea wp-editor-expand postbox woocommerce-product-description\">\n<p><img fetchpriority=\"high\" decoding=\"async\" class=\"alignnone wp-image-982 size-medium\" title=\"Ta\u015bma LED COB\" src=\"https:\/\/hqled.pl\/wp-content\/uploads\/2025\/01\/Tasma-LED-COB-300x300.jpg\" alt=\"Ta\u015bma LED COB\" width=\"300\" height=\"300\" srcset=\"https:\/\/hqled.pl\/wp-content\/uploads\/2025\/01\/Tasma-LED-COB-300x300.jpg 300w, https:\/\/hqled.pl\/wp-content\/uploads\/2025\/01\/Tasma-LED-COB-150x150.jpg 150w, https:\/\/hqled.pl\/wp-content\/uploads\/2025\/01\/Tasma-LED-COB-768x768.jpg 768w, https:\/\/hqled.pl\/wp-content\/uploads\/2025\/01\/Tasma-LED-COB-12x12.jpg 12w, https:\/\/hqled.pl\/wp-content\/uploads\/2025\/01\/Tasma-LED-COB-600x600.jpg 600w, https:\/\/hqled.pl\/wp-content\/uploads\/2025\/01\/Tasma-LED-COB-200x200.jpg 200w, https:\/\/hqled.pl\/wp-content\/uploads\/2025\/01\/Tasma-LED-COB.jpg 1000w\" sizes=\"(max-width: 300px) 100vw, 300px\" \/><\/p>\n<\/div>","protected":false},"excerpt":{"rendered":"<p>Profesjonalna ta\u015bma LED COB. &nbsp; Dane techniczne Napi\u0119cie wej\u015bciowe 12V DC Barwa \u015bwiat\u0142a 4000 K Modu\u0142 ci\u0119cia co 3 LEDY Ilo\u015b\u0107 diod 480\/m Jasno\u015b\u0107 1000lm Moc 8W\/m Pr\u0105d 0.86A Wymiar Rolka 5 m Klasa Energetyczna F Szeroko\u015b\u0107 ta\u015bmy 8mm Ta\u015bma na metry Nie Klasa szczelno\u015bci IP20 CRI Ra80 Typ diody SMD2835 PCB Bia\u0142e Trwa\u0142o\u015b\u0107 30000h [&hellip;]<\/p>","protected":false},"featured_media":982,"comment_status":"open","ping_status":"closed","template":"","meta":{"_acf_changed":false,"om_disable_all_campaigns":false},"product_cat":[62,69],"product_tag":[],"class_list":{"0":"post-1296","1":"product","2":"type-product","3":"status-publish","4":"has-post-thumbnail","6":"product_cat-tasmy-led","7":"product_cat-tasmy-led-cob","9":"first","10":"instock","11":"taxable","12":"shipping-taxable","13":"purchasable","14":"product-type-simple"},"acf":[],"aioseo_notices":[],"jetpack_sharing_enabled":true,"_links":{"self":[{"href":"https:\/\/hqled.pl\/en\/wp-json\/wp\/v2\/product\/1296","targetHints":{"allow":["GET"]}}],"collection":[{"href":"https:\/\/hqled.pl\/en\/wp-json\/wp\/v2\/product"}],"about":[{"href":"https:\/\/hqled.pl\/en\/wp-json\/wp\/v2\/types\/product"}],"replies":[{"embeddable":true,"href":"https:\/\/hqled.pl\/en\/wp-json\/wp\/v2\/comments?post=1296"}],"wp:featuredmedia":[{"embeddable":true,"href":"https:\/\/hqled.pl\/en\/wp-json\/wp\/v2\/media\/982"}],"wp:attachment":[{"href":"https:\/\/hqled.pl\/en\/wp-json\/wp\/v2\/media?parent=1296"}],"wp:term":[{"taxonomy":"product_cat","embeddable":true,"href":"https:\/\/hqled.pl\/en\/wp-json\/wp\/v2\/product_cat?post=1296"},{"taxonomy":"product_tag","embeddable":true,"href":"https:\/\/hqled.pl\/en\/wp-json\/wp\/v2\/product_tag?post=1296"}],"curies":[{"name":"wp","href":"https:\/\/api.w.org\/{rel}","templated":true}]}}