{"id":1297,"date":"2025-04-11T15:46:18","date_gmt":"2025-04-11T13:46:18","guid":{"rendered":"https:\/\/hqled.pl\/?post_type=product&#038;p=1297"},"modified":"2025-08-11T17:24:12","modified_gmt":"2025-08-11T15:24:12","slug":"zasilacz-desktop-led-12v-120w-10a","status":"publish","type":"product","link":"https:\/\/hqled.pl\/en\/product\/zasilacz-desktop-led-12v-120w-10a\/","title":{"rendered":"Zasilacz desktop LED &#8211; 12V 120W 10A"},"content":{"rendered":"<h3>Zasilacz desktop LED &#8211; 12V 120W 10A<\/h3>\n<p><strong>Wysokiej jako\u015bci zasilacz, przetestowany w produkcji<\/strong>.<\/p>\n<p><strong>Specyfikacja:<\/strong><\/p>\n<ul>\n<li>Zasilanie:\u00a0<strong>AC100-240V<\/strong><\/li>\n<li>Moc zasilacza: 120<strong>W <\/strong><\/li>\n<li>Pr\u0105d wyj\u015bciowy: 10<strong>A<\/strong><\/li>\n<li>Napi\u0119cie wyj\u015bciowe:\u00a0<strong>12V DC<\/strong><\/li>\n<li>Materia\u0142 obudowy: <strong>plastik<\/strong><\/li>\n<li>Kolor: czarny<\/li>\n<\/ul>","protected":false},"excerpt":{"rendered":"<p>Zasilacz desktop LED &#8211; 12V 120W 10A Wysokiej jako\u015bci zasilacz, przetestowany w produkcji. Specyfikacja: Zasilanie:\u00a0AC100-240V Moc zasilacza: 120W Pr\u0105d wyj\u015bciowy: 10A Napi\u0119cie wyj\u015bciowe:\u00a012V DC Materia\u0142 obudowy: plastik Kolor: czarny<\/p>","protected":false},"featured_media":985,"comment_status":"open","ping_status":"closed","template":"","meta":{"_acf_changed":false,"om_disable_all_campaigns":false},"product_cat":[64,63],"product_tag":[],"class_list":{"0":"post-1297","1":"product","2":"type-product","3":"status-publish","4":"has-post-thumbnail","6":"product_cat-zasilacze-desktopowe","7":"product_cat-zasilacze-led","9":"first","10":"outofstock","11":"taxable","12":"shipping-taxable","13":"purchasable","14":"product-type-simple"},"acf":[],"aioseo_notices":[],"jetpack_sharing_enabled":true,"_links":{"self":[{"href":"https:\/\/hqled.pl\/en\/wp-json\/wp\/v2\/product\/1297","targetHints":{"allow":["GET"]}}],"collection":[{"href":"https:\/\/hqled.pl\/en\/wp-json\/wp\/v2\/product"}],"about":[{"href":"https:\/\/hqled.pl\/en\/wp-json\/wp\/v2\/types\/product"}],"replies":[{"embeddable":true,"href":"https:\/\/hqled.pl\/en\/wp-json\/wp\/v2\/comments?post=1297"}],"wp:featuredmedia":[{"embeddable":true,"href":"https:\/\/hqled.pl\/en\/wp-json\/wp\/v2\/media\/985"}],"wp:attachment":[{"href":"https:\/\/hqled.pl\/en\/wp-json\/wp\/v2\/media?parent=1297"}],"wp:term":[{"taxonomy":"product_cat","embeddable":true,"href":"https:\/\/hqled.pl\/en\/wp-json\/wp\/v2\/product_cat?post=1297"},{"taxonomy":"product_tag","embeddable":true,"href":"https:\/\/hqled.pl\/en\/wp-json\/wp\/v2\/product_tag?post=1297"}],"curies":[{"name":"wp","href":"https:\/\/api.w.org\/{rel}","templated":true}]}}