{"id":842,"date":"2025-01-14T11:55:48","date_gmt":"2025-01-14T10:55:48","guid":{"rendered":"https:\/\/hqled.pl\/?post_type=product&#038;p=842"},"modified":"2025-11-19T14:56:28","modified_gmt":"2025-11-19T13:56:28","slug":"tasma-12v-120led-3led-cut-1200k-10-metrow","status":"publish","type":"product","link":"https:\/\/hqled.pl\/en\/product\/tasma-12v-120led-3led-cut-1200k-10-metrow\/","title":{"rendered":"Ta\u015bma 12V 120LED 3LED CUT 12000K &#8211; 10 metr\u00f3w"},"content":{"rendered":"<p><img fetchpriority=\"high\" decoding=\"async\" class=\"alignnone size-medium wp-image-843\" src=\"https:\/\/hqled.pl\/wp-content\/uploads\/2025\/01\/S-LED-300x300.jpg\" alt=\"\" width=\"300\" height=\"300\" srcset=\"https:\/\/hqled.pl\/wp-content\/uploads\/2025\/01\/S-LED-300x300.jpg 300w, https:\/\/hqled.pl\/wp-content\/uploads\/2025\/01\/S-LED-scaled-600x600.jpg 600w, https:\/\/hqled.pl\/wp-content\/uploads\/2025\/01\/S-LED-scaled-200x200.jpg 200w, https:\/\/hqled.pl\/wp-content\/uploads\/2025\/01\/S-LED-1024x1024.jpg 1024w, https:\/\/hqled.pl\/wp-content\/uploads\/2025\/01\/S-LED-150x150.jpg 150w, https:\/\/hqled.pl\/wp-content\/uploads\/2025\/01\/S-LED-768x768.jpg 768w, https:\/\/hqled.pl\/wp-content\/uploads\/2025\/01\/S-LED-1536x1536.jpg 1536w, https:\/\/hqled.pl\/wp-content\/uploads\/2025\/01\/S-LED-2048x2048.jpg 2048w\" sizes=\"(max-width: 300px) 100vw, 300px\" \/><\/p>\n<p>Profesjonalna ta\u015bma LED.<\/p>\n<div class=\"boxhead tab-head\"><\/div>\n<div class=\"innerbox tab-content product-attributes zebra\">\n<p><strong>Dane techniczne<\/strong><\/p>\n<\/div>\n<div class=\"innerbox tab-content product-attributes zebra\">\n<table width=\"235\">\n<tbody>\n<tr>\n<td width=\"153\">Napi\u0119cie wej\u015bciowe<\/td>\n<td width=\"82\">12V DC<\/td>\n<\/tr>\n<tr>\n<td width=\"153\">Barwa \u015bwiat\u0142a<\/td>\n<td width=\"82\">12000 K<\/td>\n<\/tr>\n<tr>\n<td width=\"153\">Modu\u0142 ci\u0119cia<\/td>\n<td width=\"82\">co 3 LED<\/td>\n<\/tr>\n<tr>\n<td width=\"153\">Ilo\u015b\u0107 diod<\/td>\n<td width=\"82\">120\/m<\/td>\n<\/tr>\n<tr>\n<td width=\"153\">Moc<\/td>\n<td width=\"82\">8W\/m<\/td>\n<\/tr>\n<tr>\n<td width=\"153\">Wymiar<\/td>\n<td width=\"82\">Rolka 10 m<\/td>\n<\/tr>\n<tr>\n<td width=\"153\">Szeroko\u015b\u0107 ta\u015bmy<\/td>\n<td width=\"82\">4mm<\/td>\n<\/tr>\n<tr>\n<td width=\"153\">Ta\u015bma na metry<\/td>\n<td width=\"82\">Nie<\/td>\n<\/tr>\n<tr>\n<td width=\"153\">Klasa szczelno\u015bci<\/td>\n<td width=\"82\">IP20<\/td>\n<\/tr>\n<tr>\n<td width=\"153\">Typ diody<\/td>\n<td width=\"82\">SMD2835<\/td>\n<\/tr>\n<tr>\n<td width=\"153\">PCB<\/td>\n<td width=\"82\">Bia\u0142e<\/td>\n<\/tr>\n<tr>\n<td width=\"153\">Trwa\u0142o\u015b\u0107<\/td>\n<td width=\"82\">30000h<\/td>\n<\/tr>\n<\/tbody>\n<\/table>\n<p>&nbsp;<\/p>\n<\/div>","protected":false},"excerpt":{"rendered":"<p>Cena za 1 metr: 15.38 z\u0142<\/p>","protected":false},"featured_media":843,"comment_status":"open","ping_status":"closed","template":"","meta":{"_acf_changed":false,"om_disable_all_campaigns":false},"product_cat":[62,68],"product_tag":[85,87],"class_list":{"0":"post-842","1":"product","2":"type-product","3":"status-publish","4":"has-post-thumbnail","6":"product_cat-tasmy-led","7":"product_cat-tasmy-led-4-mm","8":"product_tag-120-led","9":"product_tag-ciecie-co-3led","11":"first","12":"instock","13":"taxable","14":"shipping-taxable","15":"purchasable","16":"product-type-simple"},"acf":[],"aioseo_notices":[],"jetpack_sharing_enabled":true,"_links":{"self":[{"href":"https:\/\/hqled.pl\/en\/wp-json\/wp\/v2\/product\/842","targetHints":{"allow":["GET"]}}],"collection":[{"href":"https:\/\/hqled.pl\/en\/wp-json\/wp\/v2\/product"}],"about":[{"href":"https:\/\/hqled.pl\/en\/wp-json\/wp\/v2\/types\/product"}],"replies":[{"embeddable":true,"href":"https:\/\/hqled.pl\/en\/wp-json\/wp\/v2\/comments?post=842"}],"wp:featuredmedia":[{"embeddable":true,"href":"https:\/\/hqled.pl\/en\/wp-json\/wp\/v2\/media\/843"}],"wp:attachment":[{"href":"https:\/\/hqled.pl\/en\/wp-json\/wp\/v2\/media?parent=842"}],"wp:term":[{"taxonomy":"product_cat","embeddable":true,"href":"https:\/\/hqled.pl\/en\/wp-json\/wp\/v2\/product_cat?post=842"},{"taxonomy":"product_tag","embeddable":true,"href":"https:\/\/hqled.pl\/en\/wp-json\/wp\/v2\/product_tag?post=842"}],"curies":[{"name":"wp","href":"https:\/\/api.w.org\/{rel}","templated":true}]}}