{"id":892,"date":"2025-01-14T16:41:21","date_gmt":"2025-01-14T15:41:21","guid":{"rendered":"https:\/\/hqled.pl\/?post_type=product&#038;p=892"},"modified":"2026-03-30T16:30:26","modified_gmt":"2026-03-30T14:30:26","slug":"tasma-12v-120led-3led-cut-1250k-50-metrow","status":"publish","type":"product","link":"https:\/\/hqled.pl\/en\/product\/tasma-12v-120led-3led-cut-1250k-50-metrow\/","title":{"rendered":"Ta\u015bma 12V 120LED 3LED CUT 12500K &#8211; 50 metr\u00f3w"},"content":{"rendered":"<p><img fetchpriority=\"high\" decoding=\"async\" class=\"alignnone size-medium wp-image-843\" src=\"https:\/\/hqled.pl\/wp-content\/uploads\/2025\/01\/S-LED-300x300.jpg\" alt=\"\" width=\"300\" height=\"300\" srcset=\"https:\/\/hqled.pl\/wp-content\/uploads\/2025\/01\/S-LED-300x300.jpg 300w, https:\/\/hqled.pl\/wp-content\/uploads\/2025\/01\/S-LED-scaled-600x600.jpg 600w, https:\/\/hqled.pl\/wp-content\/uploads\/2025\/01\/S-LED-scaled-200x200.jpg 200w, https:\/\/hqled.pl\/wp-content\/uploads\/2025\/01\/S-LED-1024x1024.jpg 1024w, https:\/\/hqled.pl\/wp-content\/uploads\/2025\/01\/S-LED-150x150.jpg 150w, https:\/\/hqled.pl\/wp-content\/uploads\/2025\/01\/S-LED-768x768.jpg 768w, https:\/\/hqled.pl\/wp-content\/uploads\/2025\/01\/S-LED-1536x1536.jpg 1536w, https:\/\/hqled.pl\/wp-content\/uploads\/2025\/01\/S-LED-2048x2048.jpg 2048w\" sizes=\"(max-width: 300px) 100vw, 300px\" \/><\/p>\n<p>Profesjonalna ta\u015bma LED.<\/p>\n<div class=\"boxhead tab-head\"><\/div>\n<div class=\"innerbox tab-content product-attributes zebra\">\n<p><strong>Dane techniczne<\/strong><\/p>\n<\/div>\n<div class=\"innerbox tab-content product-attributes zebra\">\n<table>\n<tbody>\n<tr>\n<td>Napi\u0119cie wej\u015bciowe<\/td>\n<td>12V DC<\/td>\n<\/tr>\n<tr>\n<td>Barwa \u015bwiat\u0142a<\/td>\n<td>1200 K<\/td>\n<\/tr>\n<tr>\n<td>Modu\u0142 ci\u0119cia<\/td>\n<td>co 3 LEDY<\/td>\n<\/tr>\n<tr>\n<td>Ilo\u015b\u0107 diod<\/td>\n<td>120\/m<\/td>\n<\/tr>\n<tr>\n<td>Jasno\u015b\u0107<\/td>\n<td>1000lm<\/td>\n<\/tr>\n<tr>\n<td>Moc<\/td>\n<td>8W\/m<\/td>\n<\/tr>\n<tr>\n<td>Pr\u0105d<\/td>\n<td>0.86A<\/td>\n<\/tr>\n<tr>\n<td>Wymiar<\/td>\n<td>Rolka 10 m<\/td>\n<\/tr>\n<tr>\n<td>Klasa Energetyczna<\/td>\n<td>F<\/td>\n<\/tr>\n<tr>\n<td>Szeroko\u015b\u0107 ta\u015bmy<\/td>\n<td>8mm<\/td>\n<\/tr>\n<tr>\n<td>Ta\u015bma na metry<\/td>\n<td>Nie<\/td>\n<\/tr>\n<tr>\n<td>Klasa szczelno\u015bci<\/td>\n<td>IP20<\/td>\n<\/tr>\n<tr>\n<td>CRI<\/td>\n<td>Ra80<\/td>\n<\/tr>\n<tr>\n<td>Typ diody<\/td>\n<td>SMD2835<\/td>\n<\/tr>\n<tr>\n<td>PCB<\/td>\n<td>Bia\u0142e<\/td>\n<\/tr>\n<tr>\n<td>Trwa\u0142o\u015b\u0107<\/td>\n<td>30000h<\/td>\n<\/tr>\n<\/tbody>\n<\/table>\n<p>&nbsp;<\/p>\n<\/div>","protected":false},"excerpt":{"rendered":"<p>Profesjonalna ta\u015bma LED. Dane techniczne Napi\u0119cie wej\u015bciowe 12V DC Barwa \u015bwiat\u0142a 1200 K Modu\u0142 ci\u0119cia co 3 LEDY Ilo\u015b\u0107 diod 120\/m Jasno\u015b\u0107 1000lm Moc 8W\/m Pr\u0105d 0.86A Wymiar Rolka 10 m Klasa Energetyczna F Szeroko\u015b\u0107 ta\u015bmy 8mm Ta\u015bma na metry Nie Klasa szczelno\u015bci IP20 CRI Ra80 Typ diody SMD2835 PCB Bia\u0142e Trwa\u0142o\u015b\u0107 30000h &nbsp;<\/p>","protected":false},"featured_media":843,"comment_status":"open","ping_status":"closed","template":"","meta":{"_acf_changed":false,"om_disable_all_campaigns":false},"product_cat":[62,67],"product_tag":[],"class_list":{"0":"post-892","1":"product","2":"type-product","3":"status-publish","4":"has-post-thumbnail","6":"product_cat-tasmy-led","7":"product_cat-tasmy-led-8-mm","9":"first","10":"outofstock","11":"taxable","12":"shipping-taxable","13":"purchasable","14":"product-type-simple"},"acf":[],"aioseo_notices":[],"jetpack_sharing_enabled":true,"_links":{"self":[{"href":"https:\/\/hqled.pl\/en\/wp-json\/wp\/v2\/product\/892","targetHints":{"allow":["GET"]}}],"collection":[{"href":"https:\/\/hqled.pl\/en\/wp-json\/wp\/v2\/product"}],"about":[{"href":"https:\/\/hqled.pl\/en\/wp-json\/wp\/v2\/types\/product"}],"replies":[{"embeddable":true,"href":"https:\/\/hqled.pl\/en\/wp-json\/wp\/v2\/comments?post=892"}],"wp:featuredmedia":[{"embeddable":true,"href":"https:\/\/hqled.pl\/en\/wp-json\/wp\/v2\/media\/843"}],"wp:attachment":[{"href":"https:\/\/hqled.pl\/en\/wp-json\/wp\/v2\/media?parent=892"}],"wp:term":[{"taxonomy":"product_cat","embeddable":true,"href":"https:\/\/hqled.pl\/en\/wp-json\/wp\/v2\/product_cat?post=892"},{"taxonomy":"product_tag","embeddable":true,"href":"https:\/\/hqled.pl\/en\/wp-json\/wp\/v2\/product_tag?post=892"}],"curies":[{"name":"wp","href":"https:\/\/api.w.org\/{rel}","templated":true}]}}