{"id":935,"date":"2025-01-13T17:13:35","date_gmt":"2025-01-13T16:13:35","guid":{"rendered":"https:\/\/hqled.pl\/?post_type=product&#038;p=935"},"modified":"2025-11-19T14:56:29","modified_gmt":"2025-11-19T13:56:29","slug":"zasilacz-instalacyjny-200w-12v-dc-ip43","status":"publish","type":"product","link":"https:\/\/hqled.pl\/en\/product\/zasilacz-instalacyjny-200w-12v-dc-ip43\/","title":{"rendered":"Profesjonalny zasilacz instalacyjny, bryzgoodporny IP43 &#8211; 200W"},"content":{"rendered":"<p><strong>Profesjonalny zasilacz instalacyjny, bryzgoodporny IP43<\/strong> .<\/p>\n<p>Niezb\u0119dny do bezpiecznego zasilania ta\u015bm LED<\/p>\n<p>&nbsp;<\/p>\n<p><strong>Specyfikacja:<\/strong><\/p>\n<ul>\n<li>Zasilanie:\u00a0<strong>AC180-264V<\/strong><\/li>\n<li>Moc zasilacza: 2<strong>00W <\/strong><\/li>\n<li>Pr\u0105d wyj\u015bciowy: 16,6<strong>A<\/strong><\/li>\n<li>Napi\u0119cie wyj\u015bciowe:\u00a0<strong>12V DC<\/strong><\/li>\n<li>Wymiary(DxSxW):\u00a0\u00a0<strong>177x79x48 [mm]<\/strong><\/li>\n<li>Warunki pracy: temperatura\u00a0<strong>-10\u00b0C\u00f760\u00b0C<\/strong><\/li>\n<li>Materia\u0142 obudowy: <strong>aluminium<\/strong><\/li>\n<\/ul>","protected":false},"excerpt":{"rendered":"<p>Profesjonalny zasilacz instalacyjny, bryzgoodporny IP43 . Niezb\u0119dny do bezpiecznego zasilania ta\u015bm LED &nbsp; Specyfikacja: Zasilanie:\u00a0AC180-264V Moc zasilacza: 200W Pr\u0105d wyj\u015bciowy: 16,6A Napi\u0119cie wyj\u015bciowe:\u00a012V DC Wymiary(DxSxW):\u00a0\u00a0177x79x48 [mm] Warunki pracy: temperatura\u00a0-10\u00b0C\u00f760\u00b0C Materia\u0142 obudowy: aluminium<\/p>","protected":false},"featured_media":1040,"comment_status":"open","ping_status":"closed","template":"","meta":{"_acf_changed":false,"om_disable_all_campaigns":false},"product_cat":[65,63],"product_tag":[],"class_list":{"0":"post-935","1":"product","2":"type-product","3":"status-publish","4":"has-post-thumbnail","6":"product_cat-zasilacze-instalacyjne-ip43","7":"product_cat-zasilacze-led","9":"first","10":"instock","11":"taxable","12":"shipping-taxable","13":"purchasable","14":"product-type-simple"},"acf":[],"aioseo_notices":[],"jetpack_sharing_enabled":true,"_links":{"self":[{"href":"https:\/\/hqled.pl\/en\/wp-json\/wp\/v2\/product\/935","targetHints":{"allow":["GET"]}}],"collection":[{"href":"https:\/\/hqled.pl\/en\/wp-json\/wp\/v2\/product"}],"about":[{"href":"https:\/\/hqled.pl\/en\/wp-json\/wp\/v2\/types\/product"}],"replies":[{"embeddable":true,"href":"https:\/\/hqled.pl\/en\/wp-json\/wp\/v2\/comments?post=935"}],"wp:featuredmedia":[{"embeddable":true,"href":"https:\/\/hqled.pl\/en\/wp-json\/wp\/v2\/media\/1040"}],"wp:attachment":[{"href":"https:\/\/hqled.pl\/en\/wp-json\/wp\/v2\/media?parent=935"}],"wp:term":[{"taxonomy":"product_cat","embeddable":true,"href":"https:\/\/hqled.pl\/en\/wp-json\/wp\/v2\/product_cat?post=935"},{"taxonomy":"product_tag","embeddable":true,"href":"https:\/\/hqled.pl\/en\/wp-json\/wp\/v2\/product_tag?post=935"}],"curies":[{"name":"wp","href":"https:\/\/api.w.org\/{rel}","templated":true}]}}