{"id":936,"date":"2025-01-13T17:14:16","date_gmt":"2025-01-13T16:14:16","guid":{"rendered":"https:\/\/hqled.pl\/?post_type=product&#038;p=936"},"modified":"2025-08-11T17:24:19","modified_gmt":"2025-08-11T15:24:19","slug":"zasilacz-instalacyjny-400w-12v-dc-ip43","status":"publish","type":"product","link":"https:\/\/hqled.pl\/en\/product\/zasilacz-instalacyjny-400w-12v-dc-ip43\/","title":{"rendered":"Profesjonalny zasilacz instalacyjny, bryzgoodporny IP43 &#8211; 400W"},"content":{"rendered":"<div class=\"mpof_ki myre_zn myre_8v_l m389_6m_l\">\n<div class=\"mp4t_16_s mryx_16_s mr3m_1 mli2_1 mh85_56 mh85_0_l\">\n<div class=\"mgn2_16 _0d3bd_am0a-\">\n<p><strong>Profesjonalny zasilacz instalacyjny, bryzgoodporny IP43<\/strong> .<\/p>\n<p>Niezb\u0119dny do bezpiecznego zasilania ta\u015bm LED<\/p>\n<p>&nbsp;<\/p>\n<p><strong>Specyfikacja:<\/strong><\/p>\n<ul>\n<li>Zasilanie:\u00a0<strong>AC180-264V<\/strong><\/li>\n<li>Moc zasilacza: 4<strong>00W <\/strong><\/li>\n<li>Pr\u0105d wyj\u015bciowy: 33<strong>,3A<\/strong><\/li>\n<li>Napi\u0119cie wyj\u015bciowe:\u00a0<strong>12V DC<\/strong><\/li>\n<li>Wymiary(DxSxW):\u00a0\u00a0<strong>188x120x57 [mm]<\/strong><\/li>\n<li>Warunki pracy: temperatura\u00a0<strong>-10\u00b0C\u00f760\u00b0C<\/strong><\/li>\n<li>Materia\u0142 obudowy: <strong>aluminium<\/strong><\/li>\n<\/ul>\n<\/div>\n<\/div>\n<\/div>","protected":false},"excerpt":{"rendered":"<p>Profesjonalny zasilacz instalacyjny, bryzgoodporny IP43 . Niezb\u0119dny do bezpiecznego zasilania ta\u015bm LED &nbsp; Specyfikacja: Zasilanie:\u00a0AC180-264V Moc zasilacza: 400W Pr\u0105d wyj\u015bciowy: 33,3A Napi\u0119cie wyj\u015bciowe:\u00a012V DC Wymiary(DxSxW):\u00a0\u00a0188x120x57 [mm] Warunki pracy: temperatura\u00a0-10\u00b0C\u00f760\u00b0C Materia\u0142 obudowy: aluminium<\/p>","protected":false},"featured_media":1040,"comment_status":"open","ping_status":"closed","template":"","meta":{"_acf_changed":false,"om_disable_all_campaigns":false},"product_cat":[65,63],"product_tag":[],"class_list":{"0":"post-936","1":"product","2":"type-product","3":"status-publish","4":"has-post-thumbnail","6":"product_cat-zasilacze-instalacyjne-ip43","7":"product_cat-zasilacze-led","9":"first","10":"instock","11":"taxable","12":"shipping-taxable","13":"purchasable","14":"product-type-simple"},"acf":[],"aioseo_notices":[],"jetpack_sharing_enabled":true,"_links":{"self":[{"href":"https:\/\/hqled.pl\/en\/wp-json\/wp\/v2\/product\/936","targetHints":{"allow":["GET"]}}],"collection":[{"href":"https:\/\/hqled.pl\/en\/wp-json\/wp\/v2\/product"}],"about":[{"href":"https:\/\/hqled.pl\/en\/wp-json\/wp\/v2\/types\/product"}],"replies":[{"embeddable":true,"href":"https:\/\/hqled.pl\/en\/wp-json\/wp\/v2\/comments?post=936"}],"wp:featuredmedia":[{"embeddable":true,"href":"https:\/\/hqled.pl\/en\/wp-json\/wp\/v2\/media\/1040"}],"wp:attachment":[{"href":"https:\/\/hqled.pl\/en\/wp-json\/wp\/v2\/media?parent=936"}],"wp:term":[{"taxonomy":"product_cat","embeddable":true,"href":"https:\/\/hqled.pl\/en\/wp-json\/wp\/v2\/product_cat?post=936"},{"taxonomy":"product_tag","embeddable":true,"href":"https:\/\/hqled.pl\/en\/wp-json\/wp\/v2\/product_tag?post=936"}],"curies":[{"name":"wp","href":"https:\/\/api.w.org\/{rel}","templated":true}]}}